{"id":8,"date":"2025-12-18T13:16:13","date_gmt":"2025-12-18T13:16:13","guid":{"rendered":"http:\/\/onestquandmememieuxiciquenprison.fr\/?page_id=8"},"modified":"2026-03-09T14:05:54","modified_gmt":"2026-03-09T14:05:54","slug":"homepage","status":"publish","type":"page","link":"https:\/\/onestquandmememieuxiciquenprison.fr\/","title":{"rendered":"Homepage"},"content":{"rendered":"\n<div class=\"wp-block-cover is-light\" style=\"min-height:510px;aspect-ratio:unset;\"><video class=\"wp-block-cover__video-background intrinsic-ignore\" autoplay muted loop playsinline src=\"https:\/\/onestquandmememieuxiciquenprison.fr\/wp-content\/uploads\/2026\/03\/Screen-Recording-2026-03-09-at-14.37.52.mp4\" style=\"object-position:27% 53%\" data-object-fit=\"cover\" data-object-position=\"27% 53%\"><\/video><span aria-hidden=\"true\" class=\"wp-block-cover__background has-background-dim-20 has-background-dim\" style=\"background-color:#FFF\"><\/span><div class=\"wp-block-cover__inner-container has-global-padding is-layout-constrained wp-block-cover-is-layout-constrained\">\n<p class=\"has-text-align-center has-white-color has-text-color has-max-60-font-size\" style=\"font-style:italic;font-weight:100;line-height:1.2\">DJ Night<\/p>\n\n\n\n<p class=\"has-text-align-center has-white-color has-text-color has-medium-font-size\">Il est des soir\u00e9es que vous regretteriez de n&#8217;avoir v\u00e9cu &#8230;<\/p>\n\n\n\n<div style=\"height:55px\" aria-hidden=\"true\" class=\"wp-block-spacer\"><\/div>\n\n\n\n<div class=\"wp-block-buttons is-content-justification-center is-layout-flex wp-container-core-buttons-is-layout-a89b3969 wp-block-buttons-is-layout-flex\">\n<div class=\"wp-block-button is-style-outline is-style-outline--1\"><a class=\"wp-block-button__link has-white-color has-text-color wp-element-button\" href=\"https:\/\/onestquandmememieuxiciquenprison.fr\/index.php\/line-up\/\" style=\"border-radius:0px\">D\u00e9couvre le line-up<\/a><\/div>\n<\/div>\n<\/div><\/div>\n\n\n\n<div class=\"wp-block-group has-global-padding is-layout-constrained wp-block-group-is-layout-constrained\">\n<div style=\"height:57px\" aria-hidden=\"true\" class=\"wp-block-spacer\"><\/div>\n\n\n\n<h2 class=\"wp-block-heading has-text-align-center has-medium-font-size\" style=\"letter-spacing:1px\">DE LA CREATIVITE ET DU BON GOUT<\/h2>\n\n\n\n<p class=\"has-text-align-center\">La lumi\u00e8re jaillit de l&#8217;obscurit\u00e9 et la musique vous envahit, comme un raz-de-marr\u00e9e inarr\u00eatable qui fait fait vaciller votre coeur.<\/p>\n\n\n\n<p class=\"has-text-align-center\">Plongez dans une exp\u00e9rience sensorielle et psychique intense au point de vous oublier vous-m\u00eame et vous laisser porter par vos sens.<\/p>\n\n\n\n<div class=\"wp-block-buttons is-horizontal is-content-justification-center is-layout-flex wp-container-core-buttons-is-layout-03627597 wp-block-buttons-is-layout-flex\"><\/div>\n<\/div>\n\n\n\n<div class=\"wp-block-group alignfull has-background has-global-padding is-layout-constrained wp-block-group-is-layout-constrained\">\n<div class=\"wp-block-group has-global-padding is-layout-constrained wp-block-group-is-layout-constrained\" style=\"padding-top:var(--wp--preset--spacing--small);padding-bottom:var(--wp--preset--spacing--small)\">\n<div style=\"height:30px\" aria-hidden=\"true\" class=\"wp-block-spacer\"><\/div>\n<\/div>\n<\/div>\n\n\n\n<div class=\"wp-block-group alignfull portfolio-dark has-black-background-color has-background has-global-padding is-layout-constrained wp-block-group-is-layout-constrained\" id=\"portfolio\" style=\"margin-top:0px\">\n<div style=\"height:44px\" aria-hidden=\"true\" class=\"wp-block-spacer\"><\/div>\n<\/div>\n\n\n\n<div class=\"wp-block-cover alignfull has-parallax is-position-center-center\" style=\"border-radius:0px\"><div class=\"wp-block-cover__image-background wp-image-73 size-large has-parallax\" style=\"background-position:50% 50%;background-image:url(https:\/\/onestquandmememieuxiciquenprison.fr\/wp-content\/uploads\/2026\/01\/cropped-Screenshot-2026-01-19-at-14.46.52-scaled-1-1024x614.png)\"><\/div><span aria-hidden=\"true\" class=\"wp-block-cover__background has-black-background-color has-background-dim-40 has-background-dim\"><\/span><div class=\"wp-block-cover__inner-container is-layout-flow wp-block-cover-is-layout-flow\">\n<div style=\"height:31px\" aria-hidden=\"true\" class=\"wp-block-spacer\"><\/div>\n\n\n\n<div class=\"wp-block-group has-global-padding is-layout-constrained wp-block-group-is-layout-constrained\">\n<p class=\"has-text-align-center has-white-color has-text-color\">Si vous souhaitez nous contacter, tentez donc ici<\/p>\n\n\n\n<div class=\"wp-block-buttons is-horizontal is-content-justification-center is-layout-flex wp-container-core-buttons-is-layout-03627597 wp-block-buttons-is-layout-flex\">\n<div class=\"wp-block-button is-style-outline is-style-outline--2\"><a class=\"wp-block-button__link has-white-color has-text-color wp-element-button\" href=\"#\" style=\"border-radius:0px\">CONTACT US<\/a><\/div>\n<\/div>\n<\/div>\n<\/div><\/div>\n","protected":false},"excerpt":{"rendered":"<p>DE LA CREATIVITE ET DU BON GOUT La lumi\u00e8re jaillit de l&#8217;obscurit\u00e9 et la musique vous envahit, comme un raz-de-marr\u00e9e inarr\u00eatable qui fait fait vaciller votre coeur. Plongez dans une exp\u00e9rience sensorielle et psychique intense au point de vous oublier vous-m\u00eame et vous laisser porter par vos sens.<\/p>\n","protected":false},"author":1,"featured_media":0,"parent":0,"menu_order":0,"comment_status":"closed","ping_status":"closed","template":"page-templates\/homepage-builder-bb.php","meta":{"inspiro_hide_title":false,"footnotes":""},"class_list":["post-8","page","type-page","status-publish","hentry"],"_links":{"self":[{"href":"https:\/\/onestquandmememieuxiciquenprison.fr\/index.php\/wp-json\/wp\/v2\/pages\/8","targetHints":{"allow":["GET"]}}],"collection":[{"href":"https:\/\/onestquandmememieuxiciquenprison.fr\/index.php\/wp-json\/wp\/v2\/pages"}],"about":[{"href":"https:\/\/onestquandmememieuxiciquenprison.fr\/index.php\/wp-json\/wp\/v2\/types\/page"}],"author":[{"embeddable":true,"href":"https:\/\/onestquandmememieuxiciquenprison.fr\/index.php\/wp-json\/wp\/v2\/users\/1"}],"replies":[{"embeddable":true,"href":"https:\/\/onestquandmememieuxiciquenprison.fr\/index.php\/wp-json\/wp\/v2\/comments?post=8"}],"version-history":[{"count":21,"href":"https:\/\/onestquandmememieuxiciquenprison.fr\/index.php\/wp-json\/wp\/v2\/pages\/8\/revisions"}],"predecessor-version":[{"id":95,"href":"https:\/\/onestquandmememieuxiciquenprison.fr\/index.php\/wp-json\/wp\/v2\/pages\/8\/revisions\/95"}],"wp:attachment":[{"href":"https:\/\/onestquandmememieuxiciquenprison.fr\/index.php\/wp-json\/wp\/v2\/media?parent=8"}],"curies":[{"name":"wp","href":"https:\/\/api.w.org\/{rel}","templated":true}]}}